{"id":1353,"date":"2023-10-11T08:39:12","date_gmt":"2023-10-11T06:39:12","guid":{"rendered":"https:\/\/koven-coworking.fr\/?page_id=1353"},"modified":"2023-10-11T08:39:12","modified_gmt":"2023-10-11T06:39:12","slug":"merci-pour-votre-prise-de-rendez-vous","status":"publish","type":"page","link":"https:\/\/koven-coworking.fr\/index.php\/merci-pour-votre-prise-de-rendez-vous\/","title":{"rendered":"Merci pour votre prise de rendez-vous"},"content":{"rendered":"<p>[et_pb_section fb_built=\u00a0\u00bb1&Prime; theme_builder_area=\u00a0\u00bbpost_content\u00a0\u00bb _builder_version=\u00a0\u00bb4.22.2&Prime; _module_preset=\u00a0\u00bbdefault\u00a0\u00bb][et_pb_row _builder_version=\u00a0\u00bb4.22.2&Prime; _module_preset=\u00a0\u00bbdefault\u00a0\u00bb theme_builder_area=\u00a0\u00bbpost_content\u00a0\u00bb][et_pb_column _builder_version=\u00a0\u00bb4.22.2&Prime; _module_preset=\u00a0\u00bbdefault\u00a0\u00bb type=\u00a0\u00bb4_4&Prime; theme_builder_area=\u00a0\u00bbpost_content\u00a0\u00bb][et_pb_text _builder_version=\u00a0\u00bb4.22.2&Prime; _module_preset=\u00a0\u00bbdefault\u00a0\u00bb theme_builder_area=\u00a0\u00bbpost_content\u00a0\u00bb header_2_text_align=\u00a0\u00bbcenter\u00a0\u00bb header_2_font=\u00a0\u00bb|700|||||||\u00a0\u00bb header_2_font_size=\u00a0\u00bb63px\u00a0\u00bb header_2_text_color=\u00a0\u00bb#022fa7&Prime; hover_enabled=\u00a0\u00bb0&Prime; sticky_enabled=\u00a0\u00bb0&Prime;]<\/p>\n<h2>Merci !\u00a0<\/h2>\n<p>[\/et_pb_text][et_pb_divider _builder_version=\u00a0\u00bb4.22.2&Prime; _module_preset=\u00a0\u00bbdefault\u00a0\u00bb theme_builder_area=\u00a0\u00bbpost_content\u00a0\u00bb color=\u00a0\u00bb#022fa7&Prime; divider_weight=\u00a0\u00bb3px\u00a0\u00bb width=\u00a0\u00bb150px\u00a0\u00bb module_alignment=\u00a0\u00bbcenter\u00a0\u00bb hover_enabled=\u00a0\u00bb0&Prime; sticky_enabled=\u00a0\u00bb0&Prime;][\/et_pb_divider][et_pb_text _builder_version=\u00a0\u00bb4.22.2&Prime; _module_preset=\u00a0\u00bbdefault\u00a0\u00bb theme_builder_area=\u00a0\u00bbpost_content\u00a0\u00bb hover_enabled=\u00a0\u00bb0&Prime; sticky_enabled=\u00a0\u00bb0&Prime;]<\/p>\n<p style=\"text-align: center;\">Merci pour ta prise de rendez-vous.<\/p>\n<p style=\"text-align: center;\">Notre Office Manager te recevra pour te faire visiter notre espace, te pr\u00e9senter nos services et r\u00e9pondre \u00e0 toutes tes questions.<\/p>\n<p style=\"text-align: center;\">\u00c0 bient\u00f4t!<\/p>\n<p>[\/et_pb_text][et_pb_button button_text=\u00a0\u00bbRetour \u00e0 l&rsquo;accueil\u00a0\u00bb button_alignment=\u00a0\u00bbcenter\u00a0\u00bb _builder_version=\u00a0\u00bb4.22.2&Prime; custom_button=\u00a0\u00bbon\u00a0\u00bb button_text_size=\u00a0\u00bb17px\u00a0\u00bb button_text_color=\u00a0\u00bb#ffffff\u00a0\u00bb button_bg_color=\u00a0\u00bb#1b21a1&Prime; button_border_width=\u00a0\u00bb4px\u00a0\u00bb button_border_color=\u00a0\u00bb#1b21a1&Prime; button_border_radius=\u00a0\u00bb100px\u00a0\u00bb button_letter_spacing=\u00a0\u00bb0px\u00a0\u00bb button_font=\u00a0\u00bbCOCOGOOSE||||||||\u00a0\u00bb button_icon=\u00a0\u00bb&#x4a;||divi||400&Prime; button_on_hover=\u00a0\u00bboff\u00a0\u00bb animation_style=\u00a0\u00bbfade\u00a0\u00bb hover_enabled=\u00a0\u00bb0&Prime; box_shadow_style=\u00a0\u00bbpreset3&Prime; box_shadow_vertical=\u00a0\u00bb11px\u00a0\u00bb box_shadow_spread=\u00a0\u00bb-80px\u00a0\u00bb global_colors_info=\u00a0\u00bb{}\u00a0\u00bb custom_padding__hover_enabled=\u00a0\u00bboff|desktop\u00a0\u00bb custom_margin__hover_enabled=\u00a0\u00bboff|desktop\u00a0\u00bb custom_margin__hover=\u00a0\u00bb-2px||||false|false\u00a0\u00bb box_shadow_horizontal__hover_enabled=\u00a0\u00bboff|desktop\u00a0\u00bb box_shadow_horizontal__hover=\u00a0\u00bb0px\u00a0\u00bb box_shadow_spread__hover_enabled=\u00a0\u00bbon|hover\u00a0\u00bb box_shadow_spread__hover=\u00a0\u00bb-8px\u00a0\u00bb box_shadow_blur__hover_enabled=\u00a0\u00bbon|hover\u00a0\u00bb box_shadow_blur__hover=\u00a0\u00bb6px\u00a0\u00bb theme_builder_area=\u00a0\u00bbpost_content\u00a0\u00bb sticky_enabled=\u00a0\u00bb0&Prime; button_url=\u00a0\u00bb@ET-DC@eyJkeW5hbWljIjp0cnVlLCJjb250ZW50IjoiaG9tZV91cmwiLCJzZXR0aW5ncyI6e319@\u00a0\u00bb _dynamic_attributes=\u00a0\u00bbbutton_url\u00a0\u00bb][\/et_pb_button][\/et_pb_column][\/et_pb_row][\/et_pb_section]<\/p>\n","protected":false},"excerpt":{"rendered":"<p>Merci !\u00a0Merci pour ta prise de rendez-vous. Notre Office Manager te recevra pour te faire visiter notre espace, te pr\u00e9senter nos services et r\u00e9pondre \u00e0 toutes tes questions. \u00c0 bient\u00f4t!<\/p>\n","protected":false},"author":1,"featured_media":0,"parent":0,"menu_order":0,"comment_status":"closed","ping_status":"closed","template":"","meta":{"_et_pb_use_builder":"on","_et_pb_old_content":"","_et_gb_content_width":"","footnotes":""},"class_list":["post-1353","page","type-page","status-publish","hentry"],"yoast_head":"<!-- This site is optimized with the Yoast SEO plugin v26.1.1 - https:\/\/yoast.com\/wordpress\/plugins\/seo\/ -->\n<title>Merci pour votre prise de rendez-vous - Koven Coworking<\/title>\n<meta name=\"robots\" content=\"index, follow, max-snippet:-1, max-image-preview:large, max-video-preview:-1\" \/>\n<link rel=\"canonical\" href=\"https:\/\/koven-coworking.fr\/index.php\/merci-pour-votre-prise-de-rendez-vous\/\" \/>\n<meta property=\"og:locale\" content=\"fr_FR\" \/>\n<meta property=\"og:type\" content=\"article\" \/>\n<meta property=\"og:title\" content=\"Merci pour votre prise de rendez-vous - Koven Coworking\" \/>\n<meta property=\"og:description\" content=\"Merci !\u00a0Merci pour ta prise de rendez-vous. Notre Office Manager te recevra pour te faire visiter notre espace, te pr\u00e9senter nos services et r\u00e9pondre \u00e0 toutes tes questions. \u00c0 bient\u00f4t!\" \/>\n<meta property=\"og:url\" content=\"https:\/\/koven-coworking.fr\/index.php\/merci-pour-votre-prise-de-rendez-vous\/\" \/>\n<meta property=\"og:site_name\" content=\"Koven Coworking\" \/>\n<meta name=\"twitter:card\" content=\"summary_large_image\" \/>\n<script type=\"application\/ld+json\" class=\"yoast-schema-graph\">{\"@context\":\"https:\/\/schema.org\",\"@graph\":[{\"@type\":\"WebPage\",\"@id\":\"https:\/\/koven-coworking.fr\/index.php\/merci-pour-votre-prise-de-rendez-vous\/\",\"url\":\"https:\/\/koven-coworking.fr\/index.php\/merci-pour-votre-prise-de-rendez-vous\/\",\"name\":\"Merci pour votre prise de rendez-vous - Koven Coworking\",\"isPartOf\":{\"@id\":\"https:\/\/koven-coworking.fr\/#website\"},\"datePublished\":\"2023-10-11T06:39:12+00:00\",\"breadcrumb\":{\"@id\":\"https:\/\/koven-coworking.fr\/index.php\/merci-pour-votre-prise-de-rendez-vous\/#breadcrumb\"},\"inLanguage\":\"fr-FR\",\"potentialAction\":[{\"@type\":\"ReadAction\",\"target\":[\"https:\/\/koven-coworking.fr\/index.php\/merci-pour-votre-prise-de-rendez-vous\/\"]}]},{\"@type\":\"BreadcrumbList\",\"@id\":\"https:\/\/koven-coworking.fr\/index.php\/merci-pour-votre-prise-de-rendez-vous\/#breadcrumb\",\"itemListElement\":[{\"@type\":\"ListItem\",\"position\":1,\"name\":\"Accueil\",\"item\":\"https:\/\/koven-coworking.fr\/\"},{\"@type\":\"ListItem\",\"position\":2,\"name\":\"Merci pour votre prise de rendez-vous\"}]},{\"@type\":\"WebSite\",\"@id\":\"https:\/\/koven-coworking.fr\/#website\",\"url\":\"https:\/\/koven-coworking.fr\/\",\"name\":\"Koven Coworking\",\"description\":\"Espace de Coworking Bordeaux Centre\",\"potentialAction\":[{\"@type\":\"SearchAction\",\"target\":{\"@type\":\"EntryPoint\",\"urlTemplate\":\"https:\/\/koven-coworking.fr\/?s={search_term_string}\"},\"query-input\":{\"@type\":\"PropertyValueSpecification\",\"valueRequired\":true,\"valueName\":\"search_term_string\"}}],\"inLanguage\":\"fr-FR\"}]}<\/script>\n<!-- \/ Yoast SEO plugin. -->","yoast_head_json":{"title":"Merci pour votre prise de rendez-vous - Koven Coworking","robots":{"index":"index","follow":"follow","max-snippet":"max-snippet:-1","max-image-preview":"max-image-preview:large","max-video-preview":"max-video-preview:-1"},"canonical":"https:\/\/koven-coworking.fr\/index.php\/merci-pour-votre-prise-de-rendez-vous\/","og_locale":"fr_FR","og_type":"article","og_title":"Merci pour votre prise de rendez-vous - Koven Coworking","og_description":"Merci !\u00a0Merci pour ta prise de rendez-vous. Notre Office Manager te recevra pour te faire visiter notre espace, te pr\u00e9senter nos services et r\u00e9pondre \u00e0 toutes tes questions. \u00c0 bient\u00f4t!","og_url":"https:\/\/koven-coworking.fr\/index.php\/merci-pour-votre-prise-de-rendez-vous\/","og_site_name":"Koven Coworking","twitter_card":"summary_large_image","schema":{"@context":"https:\/\/schema.org","@graph":[{"@type":"WebPage","@id":"https:\/\/koven-coworking.fr\/index.php\/merci-pour-votre-prise-de-rendez-vous\/","url":"https:\/\/koven-coworking.fr\/index.php\/merci-pour-votre-prise-de-rendez-vous\/","name":"Merci pour votre prise de rendez-vous - Koven Coworking","isPartOf":{"@id":"https:\/\/koven-coworking.fr\/#website"},"datePublished":"2023-10-11T06:39:12+00:00","breadcrumb":{"@id":"https:\/\/koven-coworking.fr\/index.php\/merci-pour-votre-prise-de-rendez-vous\/#breadcrumb"},"inLanguage":"fr-FR","potentialAction":[{"@type":"ReadAction","target":["https:\/\/koven-coworking.fr\/index.php\/merci-pour-votre-prise-de-rendez-vous\/"]}]},{"@type":"BreadcrumbList","@id":"https:\/\/koven-coworking.fr\/index.php\/merci-pour-votre-prise-de-rendez-vous\/#breadcrumb","itemListElement":[{"@type":"ListItem","position":1,"name":"Accueil","item":"https:\/\/koven-coworking.fr\/"},{"@type":"ListItem","position":2,"name":"Merci pour votre prise de rendez-vous"}]},{"@type":"WebSite","@id":"https:\/\/koven-coworking.fr\/#website","url":"https:\/\/koven-coworking.fr\/","name":"Koven Coworking","description":"Espace de Coworking Bordeaux Centre","potentialAction":[{"@type":"SearchAction","target":{"@type":"EntryPoint","urlTemplate":"https:\/\/koven-coworking.fr\/?s={search_term_string}"},"query-input":{"@type":"PropertyValueSpecification","valueRequired":true,"valueName":"search_term_string"}}],"inLanguage":"fr-FR"}]}},"jetpack_sharing_enabled":true,"_links":{"self":[{"href":"https:\/\/koven-coworking.fr\/index.php\/wp-json\/wp\/v2\/pages\/1353","targetHints":{"allow":["GET"]}}],"collection":[{"href":"https:\/\/koven-coworking.fr\/index.php\/wp-json\/wp\/v2\/pages"}],"about":[{"href":"https:\/\/koven-coworking.fr\/index.php\/wp-json\/wp\/v2\/types\/page"}],"author":[{"embeddable":true,"href":"https:\/\/koven-coworking.fr\/index.php\/wp-json\/wp\/v2\/users\/1"}],"replies":[{"embeddable":true,"href":"https:\/\/koven-coworking.fr\/index.php\/wp-json\/wp\/v2\/comments?post=1353"}],"version-history":[{"count":2,"href":"https:\/\/koven-coworking.fr\/index.php\/wp-json\/wp\/v2\/pages\/1353\/revisions"}],"predecessor-version":[{"id":1355,"href":"https:\/\/koven-coworking.fr\/index.php\/wp-json\/wp\/v2\/pages\/1353\/revisions\/1355"}],"wp:attachment":[{"href":"https:\/\/koven-coworking.fr\/index.php\/wp-json\/wp\/v2\/media?parent=1353"}],"curies":[{"name":"wp","href":"https:\/\/api.w.org\/{rel}","templated":true}]}}