{"id":1342,"date":"2023-10-05T14:51:38","date_gmt":"2023-10-05T12:51:38","guid":{"rendered":"https:\/\/koven-coworking.fr\/?page_id=1342"},"modified":"2023-10-05T14:51:38","modified_gmt":"2023-10-05T12:51:38","slug":"prise-de-rendez-vous-pour-visite","status":"publish","type":"page","link":"https:\/\/koven-coworking.fr\/index.php\/prise-de-rendez-vous-pour-visite\/","title":{"rendered":"Prise de rendez-vous pour visite"},"content":{"rendered":"<p>[et_pb_section fb_built=\u00a0\u00bb1&Prime; theme_builder_area=\u00a0\u00bbpost_content\u00a0\u00bb _builder_version=\u00a0\u00bb4.19.5&Prime; _module_preset=\u00a0\u00bbdefault\u00a0\u00bb][et_pb_row _builder_version=\u00a0\u00bb4.19.5&Prime; _module_preset=\u00a0\u00bbdefault\u00a0\u00bb theme_builder_area=\u00a0\u00bbpost_content\u00a0\u00bb][et_pb_column _builder_version=\u00a0\u00bb4.19.5&Prime; _module_preset=\u00a0\u00bbdefault\u00a0\u00bb type=\u00a0\u00bb4_4&Prime; theme_builder_area=\u00a0\u00bbpost_content\u00a0\u00bb][et_pb_text _builder_version=\u00a0\u00bb4.19.5&Prime; _module_preset=\u00a0\u00bbdefault\u00a0\u00bb theme_builder_area=\u00a0\u00bbpost_content\u00a0\u00bb header_2_text_color=\u00a0\u00bb#022fa7&Prime; header_2_font=\u00a0\u00bb|700|||||||\u00a0\u00bb hover_enabled=\u00a0\u00bb0&Prime; sticky_enabled=\u00a0\u00bb0&Prime; custom_margin=\u00a0\u00bb||17px|||\u00a0\u00bb]<\/p>\n<h2>Je r\u00e9serve ma visite<strong><\/strong><\/h2>\n<p>[\/et_pb_text][et_pb_divider _builder_version=\u00a0\u00bb4.19.5&Prime; _module_preset=\u00a0\u00bbdefault\u00a0\u00bb theme_builder_area=\u00a0\u00bbpost_content\u00a0\u00bb color=\u00a0\u00bb#022fa7&Prime; divider_weight=\u00a0\u00bb3px\u00a0\u00bb width=\u00a0\u00bb100px\u00a0\u00bb hover_enabled=\u00a0\u00bb0&Prime; sticky_enabled=\u00a0\u00bb0&Prime; custom_margin=\u00a0\u00bb||0px||false|false\u00a0\u00bb][\/et_pb_divider][et_pb_text _builder_version=\u00a0\u00bb4.19.5&Prime; _module_preset=\u00a0\u00bbdefault\u00a0\u00bb theme_builder_area=\u00a0\u00bbpost_content\u00a0\u00bb header_2_text_color=\u00a0\u00bb#022fa7&Prime; header_2_font=\u00a0\u00bb|700|||||||\u00a0\u00bb hover_enabled=\u00a0\u00bb0&Prime; sticky_enabled=\u00a0\u00bb0&Prime;]<\/p>\n<p>R\u00e9server votre visite dans nos locaux pour d\u00e9couvrir les espaces et services du <strong>Koven Coworking<\/strong><\/p>\n<p>[\/et_pb_text][et_pb_code _builder_version=\u00a0\u00bb4.19.5&Prime; _module_preset=\u00a0\u00bbdefault\u00a0\u00bb theme_builder_area=\u00a0\u00bbpost_content\u00a0\u00bb hover_enabled=\u00a0\u00bb0&Prime; sticky_enabled=\u00a0\u00bb0&Prime;]<!-- Calendly inline widget begin --><!-- [et_pb_line_break_holder] --><\/p>\n<div class=\"calendly-inline-widget\" data-url=\"https:\/\/calendly.com\/koven-coworking\/30min?hide_gdpr_banner=1&#038;primary_color=022fa7\" style=\"min-width:320px;height:700px;\"><\/div>\n<p><!-- [et_pb_line_break_holder] --><script type=\"text\/javascript\" src=\"https:\/\/assets.calendly.com\/assets\/external\/widget.js\" async><\/script><!-- [et_pb_line_break_holder] --><!-- Calendly inline widget end -->[\/et_pb_code][\/et_pb_column][\/et_pb_row][\/et_pb_section]<\/p>\n","protected":false},"excerpt":{"rendered":"<p>Je r\u00e9serve ma visiteR\u00e9server votre visite dans nos locaux pour d\u00e9couvrir les espaces et services du Koven Coworking<\/p>\n","protected":false},"author":1,"featured_media":0,"parent":0,"menu_order":0,"comment_status":"closed","ping_status":"closed","template":"","meta":{"_et_pb_use_builder":"on","_et_pb_old_content":"","_et_gb_content_width":"","footnotes":""},"class_list":["post-1342","page","type-page","status-publish","hentry"],"yoast_head":"<!-- This site is optimized with the Yoast SEO plugin v26.1.1 - https:\/\/yoast.com\/wordpress\/plugins\/seo\/ -->\n<title>Prise de rendez-vous pour visite - Koven Coworking<\/title>\n<meta name=\"robots\" content=\"index, follow, max-snippet:-1, max-image-preview:large, max-video-preview:-1\" \/>\n<link rel=\"canonical\" href=\"https:\/\/koven-coworking.fr\/index.php\/prise-de-rendez-vous-pour-visite\/\" \/>\n<meta property=\"og:locale\" content=\"fr_FR\" \/>\n<meta property=\"og:type\" content=\"article\" \/>\n<meta property=\"og:title\" content=\"Prise de rendez-vous pour visite - Koven Coworking\" \/>\n<meta property=\"og:description\" content=\"Je r\u00e9serve ma visiteR\u00e9server votre visite dans nos locaux pour d\u00e9couvrir les espaces et services du Koven Coworking\" \/>\n<meta property=\"og:url\" content=\"https:\/\/koven-coworking.fr\/index.php\/prise-de-rendez-vous-pour-visite\/\" \/>\n<meta property=\"og:site_name\" content=\"Koven Coworking\" \/>\n<meta name=\"twitter:card\" content=\"summary_large_image\" \/>\n<script type=\"application\/ld+json\" class=\"yoast-schema-graph\">{\"@context\":\"https:\/\/schema.org\",\"@graph\":[{\"@type\":\"WebPage\",\"@id\":\"https:\/\/koven-coworking.fr\/index.php\/prise-de-rendez-vous-pour-visite\/\",\"url\":\"https:\/\/koven-coworking.fr\/index.php\/prise-de-rendez-vous-pour-visite\/\",\"name\":\"Prise de rendez-vous pour visite - Koven Coworking\",\"isPartOf\":{\"@id\":\"https:\/\/koven-coworking.fr\/#website\"},\"datePublished\":\"2023-10-05T12:51:38+00:00\",\"breadcrumb\":{\"@id\":\"https:\/\/koven-coworking.fr\/index.php\/prise-de-rendez-vous-pour-visite\/#breadcrumb\"},\"inLanguage\":\"fr-FR\",\"potentialAction\":[{\"@type\":\"ReadAction\",\"target\":[\"https:\/\/koven-coworking.fr\/index.php\/prise-de-rendez-vous-pour-visite\/\"]}]},{\"@type\":\"BreadcrumbList\",\"@id\":\"https:\/\/koven-coworking.fr\/index.php\/prise-de-rendez-vous-pour-visite\/#breadcrumb\",\"itemListElement\":[{\"@type\":\"ListItem\",\"position\":1,\"name\":\"Accueil\",\"item\":\"https:\/\/koven-coworking.fr\/\"},{\"@type\":\"ListItem\",\"position\":2,\"name\":\"Prise de rendez-vous pour visite\"}]},{\"@type\":\"WebSite\",\"@id\":\"https:\/\/koven-coworking.fr\/#website\",\"url\":\"https:\/\/koven-coworking.fr\/\",\"name\":\"Koven Coworking\",\"description\":\"Espace de Coworking Bordeaux Centre\",\"potentialAction\":[{\"@type\":\"SearchAction\",\"target\":{\"@type\":\"EntryPoint\",\"urlTemplate\":\"https:\/\/koven-coworking.fr\/?s={search_term_string}\"},\"query-input\":{\"@type\":\"PropertyValueSpecification\",\"valueRequired\":true,\"valueName\":\"search_term_string\"}}],\"inLanguage\":\"fr-FR\"}]}<\/script>\n<!-- \/ Yoast SEO plugin. -->","yoast_head_json":{"title":"Prise de rendez-vous pour visite - Koven Coworking","robots":{"index":"index","follow":"follow","max-snippet":"max-snippet:-1","max-image-preview":"max-image-preview:large","max-video-preview":"max-video-preview:-1"},"canonical":"https:\/\/koven-coworking.fr\/index.php\/prise-de-rendez-vous-pour-visite\/","og_locale":"fr_FR","og_type":"article","og_title":"Prise de rendez-vous pour visite - Koven Coworking","og_description":"Je r\u00e9serve ma visiteR\u00e9server votre visite dans nos locaux pour d\u00e9couvrir les espaces et services du Koven Coworking","og_url":"https:\/\/koven-coworking.fr\/index.php\/prise-de-rendez-vous-pour-visite\/","og_site_name":"Koven Coworking","twitter_card":"summary_large_image","schema":{"@context":"https:\/\/schema.org","@graph":[{"@type":"WebPage","@id":"https:\/\/koven-coworking.fr\/index.php\/prise-de-rendez-vous-pour-visite\/","url":"https:\/\/koven-coworking.fr\/index.php\/prise-de-rendez-vous-pour-visite\/","name":"Prise de rendez-vous pour visite - Koven Coworking","isPartOf":{"@id":"https:\/\/koven-coworking.fr\/#website"},"datePublished":"2023-10-05T12:51:38+00:00","breadcrumb":{"@id":"https:\/\/koven-coworking.fr\/index.php\/prise-de-rendez-vous-pour-visite\/#breadcrumb"},"inLanguage":"fr-FR","potentialAction":[{"@type":"ReadAction","target":["https:\/\/koven-coworking.fr\/index.php\/prise-de-rendez-vous-pour-visite\/"]}]},{"@type":"BreadcrumbList","@id":"https:\/\/koven-coworking.fr\/index.php\/prise-de-rendez-vous-pour-visite\/#breadcrumb","itemListElement":[{"@type":"ListItem","position":1,"name":"Accueil","item":"https:\/\/koven-coworking.fr\/"},{"@type":"ListItem","position":2,"name":"Prise de rendez-vous pour visite"}]},{"@type":"WebSite","@id":"https:\/\/koven-coworking.fr\/#website","url":"https:\/\/koven-coworking.fr\/","name":"Koven Coworking","description":"Espace de Coworking Bordeaux Centre","potentialAction":[{"@type":"SearchAction","target":{"@type":"EntryPoint","urlTemplate":"https:\/\/koven-coworking.fr\/?s={search_term_string}"},"query-input":{"@type":"PropertyValueSpecification","valueRequired":true,"valueName":"search_term_string"}}],"inLanguage":"fr-FR"}]}},"jetpack_sharing_enabled":true,"_links":{"self":[{"href":"https:\/\/koven-coworking.fr\/index.php\/wp-json\/wp\/v2\/pages\/1342","targetHints":{"allow":["GET"]}}],"collection":[{"href":"https:\/\/koven-coworking.fr\/index.php\/wp-json\/wp\/v2\/pages"}],"about":[{"href":"https:\/\/koven-coworking.fr\/index.php\/wp-json\/wp\/v2\/types\/page"}],"author":[{"embeddable":true,"href":"https:\/\/koven-coworking.fr\/index.php\/wp-json\/wp\/v2\/users\/1"}],"replies":[{"embeddable":true,"href":"https:\/\/koven-coworking.fr\/index.php\/wp-json\/wp\/v2\/comments?post=1342"}],"version-history":[{"count":2,"href":"https:\/\/koven-coworking.fr\/index.php\/wp-json\/wp\/v2\/pages\/1342\/revisions"}],"predecessor-version":[{"id":1346,"href":"https:\/\/koven-coworking.fr\/index.php\/wp-json\/wp\/v2\/pages\/1342\/revisions\/1346"}],"wp:attachment":[{"href":"https:\/\/koven-coworking.fr\/index.php\/wp-json\/wp\/v2\/media?parent=1342"}],"curies":[{"name":"wp","href":"https:\/\/api.w.org\/{rel}","templated":true}]}}